{"id":27,"date":"2021-02-09T21:43:58","date_gmt":"2021-02-09T20:43:58","guid":{"rendered":"http:\/\/www.punkt-spawalniczy.pl\/?page_id=27"},"modified":"2021-03-06T23:03:25","modified_gmt":"2021-03-06T22:03:25","slug":"oferta-2","status":"publish","type":"page","link":"https:\/\/www.punkt-spawalniczy.pl\/index.php\/oferta-2\/","title":{"rendered":"Us\u0142ugi"},"content":{"rendered":"\n<hr class=\"wp-block-separator\"\/>\n\n\n\n<p class=\"has-text-align-center\" style=\"font-size:18px\"><span style=\"color:#5f2411\" class=\"has-inline-color\"><strong>Spawanie<\/strong><\/span> jest jedn\u0105 z najbardziej niezawodnych metod \u0142\u0105czenia element\u00f3w metalowych. Pozwala tworzy\u0107 <strong><span style=\"color:#5f2411\" class=\"has-inline-color\">mocne konstrukcje<\/span><\/strong>, odporne nawet na du\u017ce obci\u0105\u017cenia. Gwarancj\u0119 <strong><span style=\"color:#5f2411\" class=\"has-inline-color\">wytrzyma\u0142o\u015bci <\/span><\/strong>poszczeg\u00f3lnych po\u0142\u0105cze\u0144, daje odpowiednio przeprowadzony proces, przy u\u017cyciu nowoczesnych maszyn. Nasi pracownicy doskonale wiedz\u0105, \u017ce <strong><span style=\"color:#5f2411\" class=\"has-inline-color\">spawanie jako\u015bciowe<\/span><\/strong> decyduje o bezpiecze\u0144stwie konstrukcji, a przede wszystkim os\u00f3b z nich korzystaj\u0105cych.<\/p>\n\n\n\n<p class=\"has-text-align-center\" style=\"font-size:18px\">Je\u017celi oczekujesz wysokiej jako\u015bci tworzonych konstrukcji, a tak\u017ce cenisz sobie estetyk\u0119 ich wykonania &#8211; <strong><span style=\"color:#5f2411\" class=\"has-inline-color\">ZG\u0141O\u015a SI\u0118 DO NAS!<\/span><\/strong> Nasz\u0105 ofert\u0119 kierujemy zar\u00f3wno do firm, jak i klient\u00f3w indywidualnych. Ka\u017cde zam\u00f3wienie jest przez nas realizowane  niezwykle starannie, z dba\u0142o\u015bci\u0105 o najdrobniejsze detale, a przede wszystkim <strong><span style=\"color:#5f2411\" class=\"has-inline-color\">terminowo<\/span><\/strong>. <\/p>\n\n\n\n<hr class=\"wp-block-separator\"\/>\n\n\n\n<div style=\"height:30px\" aria-hidden=\"true\" class=\"wp-block-spacer\"><\/div>\n\n\n\n<p class=\"has-text-align-center has-white-color has-text-color has-background\" style=\"background-color:#5f2411\">Oferujemy kompleksowe us\u0142ugi spawalnicze, <br>obejmuj\u0105ce najskuteczniejsze techniki: MIG, MAG, TIG.<\/p>\n\n\n\n<div class=\"wp-block-columns is-layout-flex wp-container-core-columns-is-layout-9d6595d7 wp-block-columns-is-layout-flex\">\n<div class=\"wp-block-column is-layout-flow wp-block-column-is-layout-flow\" style=\"flex-basis:40%\">\n<h6 class=\"has-text-align-center has-white-color has-text-color has-background wp-block-heading\" style=\"background-color:#5f2411;font-size:14px\"><strong>BALUSTRADY<\/strong> <br>WEWN\u0118TRZNE I ZEWN\u0118TRZNE<\/h6>\n\n\n\n<p class=\"has-text-align-center\" style=\"font-size:12px\"><strong>\uf0fc ze stali nierdzewnej (wewn\u0119trzne i zewn\u0119trzne) <\/strong><br><strong>\uf0fc \u0142\u0105czone (z drewnem i szk\u0142em) <\/strong><br><strong>\uf0fc aluminiowe (malowane proszkowo) <\/strong><br><strong>\uf0fc ze stali czarnej ocynkowanej<\/strong><\/p>\n\n\n\n<hr class=\"wp-block-separator\"\/>\n\n\n\n<div style=\"height:30px\" aria-hidden=\"true\" class=\"wp-block-spacer\"><\/div>\n\n\n\n<h6 class=\"has-text-align-center has-white-color has-text-color has-background wp-block-heading\" style=\"background-color:#5f2411\"><strong>KONSTRUKCJE SCHOD\u00d3W<\/strong><\/h6>\n\n\n\n<p class=\"has-text-align-center\" style=\"font-size:12px\"><strong>\uf0fc konstrukcje wewn\u0119trzne i zewn\u0119trzne wraz z trepami<\/strong><\/p>\n\n\n\n<div style=\"height:33px\" aria-hidden=\"true\" class=\"wp-block-spacer\"><\/div>\n\n\n\n<hr class=\"wp-block-separator\"\/>\n\n\n\n<div style=\"height:31px\" aria-hidden=\"true\" class=\"wp-block-spacer\"><\/div>\n\n\n\n<h6 class=\"has-text-align-center has-white-color has-text-color has-background wp-block-heading\" style=\"background-color:#5f2411\"><strong>BRAMY<\/strong> I OGRODZENIA<\/h6>\n\n\n\n<p class=\"has-text-align-center\" style=\"font-size:12px\"><strong><span style=\"color:#5f2411\" class=\"has-inline-color\">BRAMY:<\/span><br>\uf0fc przesuwne \uf0fc skrzyd\u0142owe \uf0fc harmonijkowe <br>\uf0fc ze stali aluminiowej oraz czarnej<\/strong><br><span style=\"color:#5f2411\" class=\"has-inline-color\"><strong>OGRODZENIA:<br><\/strong><\/span><strong>\uf0fc ze stali aluminiowej \uf0fc ze stali czarnej \uf0fc z deski kompozytowej<\/strong><\/p>\n\n\n\n<hr class=\"wp-block-separator\"\/>\n\n\n\n<div style=\"height:35px\" aria-hidden=\"true\" class=\"wp-block-spacer\"><\/div>\n\n\n\n<h6 class=\"has-text-align-center has-white-color has-text-color has-background wp-block-heading\" style=\"background-color:#5f2411\"><strong>ZADASZENIA<br>PERGOLE<\/strong><\/h6>\n\n\n\n<div style=\"height:46px\" aria-hidden=\"true\" class=\"wp-block-spacer\"><\/div>\n\n\n\n<hr class=\"wp-block-separator\"\/>\n\n\n\n<div style=\"height:35px\" aria-hidden=\"true\" class=\"wp-block-spacer\"><\/div>\n\n\n\n<h6 class=\"has-text-align-center has-white-color has-text-color has-background wp-block-heading\" style=\"background-color:#5f2411\"><strong>INNE<\/strong><\/h6>\n\n\n\n<p class=\"has-text-align-center\" style=\"font-size:12px\"><strong>\uf0fc meble domowe<br>\uf0fc meble ogrodowe<br>\uf0fc przedmioty gospodarstwa domowego<\/strong><\/p>\n\n\n\n<div style=\"height:24px\" aria-hidden=\"true\" class=\"wp-block-spacer\"><\/div>\n<\/div>\n\n\n\n<div class=\"wp-block-column is-layout-flow wp-block-column-is-layout-flow\">\n<div class=\"wp-block-image is-style-default\"><figure class=\"aligncenter size-medium is-resized\"><img decoding=\"async\" src=\"http:\/\/www.punkt-spawalniczy.pl\/wp-content\/uploads\/2021\/02\/IMG_20210117_000547-294x300.jpg\" alt=\"\" class=\"wp-image-35\" width=\"147\" height=\"150\" srcset=\"https:\/\/www.punkt-spawalniczy.pl\/wp-content\/uploads\/2021\/02\/IMG_20210117_000547-294x300.jpg 294w, https:\/\/www.punkt-spawalniczy.pl\/wp-content\/uploads\/2021\/02\/IMG_20210117_000547-1002x1024.jpg 1002w, https:\/\/www.punkt-spawalniczy.pl\/wp-content\/uploads\/2021\/02\/IMG_20210117_000547-768x785.jpg 768w, https:\/\/www.punkt-spawalniczy.pl\/wp-content\/uploads\/2021\/02\/IMG_20210117_000547.jpg 1224w\" sizes=\"(max-width: 147px) 100vw, 147px\" \/><\/figure><\/div>\n\n\n\n<hr class=\"wp-block-separator\"\/>\n\n\n\n<div style=\"height:30px\" aria-hidden=\"true\" class=\"wp-block-spacer\"><\/div>\n\n\n\n<div class=\"wp-block-image is-style-default\"><figure class=\"aligncenter size-large is-resized\"><img decoding=\"async\" src=\"http:\/\/www.punkt-spawalniczy.pl\/wp-content\/uploads\/2021\/02\/IMG_20200229_121419-768x1024.jpg\" alt=\"\" class=\"wp-image-215\" width=\"147\" height=\"150\"\/><\/figure><\/div>\n\n\n\n<hr class=\"wp-block-separator\"\/>\n\n\n\n<div style=\"height:30px\" aria-hidden=\"true\" class=\"wp-block-spacer\"><\/div>\n\n\n\n<div class=\"wp-block-image is-style-default\"><figure class=\"aligncenter size-medium is-resized\"><img decoding=\"async\" src=\"http:\/\/www.punkt-spawalniczy.pl\/wp-content\/uploads\/2021\/02\/IMG_20201229_131659-300x258.jpg\" alt=\"\" class=\"wp-image-43\" width=\"150\" height=\"150\"\/><\/figure><\/div>\n\n\n\n<div style=\"height:1px\" aria-hidden=\"true\" class=\"wp-block-spacer\"><\/div>\n\n\n\n<hr class=\"wp-block-separator\"\/>\n\n\n\n<div style=\"height:30px\" aria-hidden=\"true\" class=\"wp-block-spacer\"><\/div>\n\n\n\n<div style=\"height:1px\" aria-hidden=\"true\" class=\"wp-block-spacer\"><\/div>\n\n\n\n<div class=\"wp-block-image is-style-default\"><figure class=\"aligncenter size-medium is-resized\"><img decoding=\"async\" src=\"http:\/\/www.punkt-spawalniczy.pl\/wp-content\/uploads\/2021\/02\/IMG_20200313_095834-294x300.jpg\" alt=\"\" class=\"wp-image-51\" width=\"147\" height=\"150\" srcset=\"https:\/\/www.punkt-spawalniczy.pl\/wp-content\/uploads\/2021\/02\/IMG_20200313_095834-294x300.jpg 294w, https:\/\/www.punkt-spawalniczy.pl\/wp-content\/uploads\/2021\/02\/IMG_20200313_095834-1004x1024.jpg 1004w, https:\/\/www.punkt-spawalniczy.pl\/wp-content\/uploads\/2021\/02\/IMG_20200313_095834-768x783.jpg 768w, https:\/\/www.punkt-spawalniczy.pl\/wp-content\/uploads\/2021\/02\/IMG_20200313_095834.jpg 1224w\" sizes=\"(max-width: 147px) 100vw, 147px\" \/><\/figure><\/div>\n\n\n\n<hr class=\"wp-block-separator\"\/>\n\n\n\n<div style=\"height:35px\" aria-hidden=\"true\" class=\"wp-block-spacer\"><\/div>\n\n\n\n<div class=\"wp-block-image is-style-default\"><figure class=\"aligncenter size-large is-resized\"><img decoding=\"async\" src=\"http:\/\/www.punkt-spawalniczy.pl\/wp-content\/uploads\/2021\/02\/IMG_20200227_171533-1024x768.jpg\" alt=\"\" class=\"wp-image-237\" width=\"156\" height=\"150\"\/><\/figure><\/div>\n<\/div>\n\n\n\n<div class=\"wp-block-column is-layout-flow wp-block-column-is-layout-flow\">\n<div class=\"wp-block-image is-style-default\"><figure class=\"aligncenter size-medium is-resized\"><img decoding=\"async\" src=\"http:\/\/www.punkt-spawalniczy.pl\/wp-content\/uploads\/2021\/02\/IMG_20210122_112414-294x300.jpg\" alt=\"\" class=\"wp-image-37\" width=\"147\" height=\"150\" srcset=\"https:\/\/www.punkt-spawalniczy.pl\/wp-content\/uploads\/2021\/02\/IMG_20210122_112414-294x300.jpg 294w, https:\/\/www.punkt-spawalniczy.pl\/wp-content\/uploads\/2021\/02\/IMG_20210122_112414-1002x1024.jpg 1002w, https:\/\/www.punkt-spawalniczy.pl\/wp-content\/uploads\/2021\/02\/IMG_20210122_112414-768x785.jpg 768w, https:\/\/www.punkt-spawalniczy.pl\/wp-content\/uploads\/2021\/02\/IMG_20210122_112414.jpg 1224w\" sizes=\"(max-width: 147px) 100vw, 147px\" \/><\/figure><\/div>\n\n\n\n<hr class=\"wp-block-separator\"\/>\n\n\n\n<div style=\"height:30px\" aria-hidden=\"true\" class=\"wp-block-spacer\"><\/div>\n\n\n\n<div class=\"wp-block-image is-style-default\"><figure class=\"aligncenter size-large is-resized\"><img decoding=\"async\" src=\"https:\/\/www.punkt-spawalniczy.pl\/wp-content\/uploads\/2021\/03\/to-\u2014-kopia-961x1024.jpg\" alt=\"\" class=\"wp-image-261\" width=\"147\" height=\"150\"\/><\/figure><\/div>\n\n\n\n<hr class=\"wp-block-separator\"\/>\n\n\n\n<div style=\"height:30px\" aria-hidden=\"true\" class=\"wp-block-spacer\"><\/div>\n\n\n\n<div class=\"wp-block-image is-style-default\"><figure class=\"aligncenter size-medium is-resized\"><img decoding=\"async\" src=\"http:\/\/www.punkt-spawalniczy.pl\/wp-content\/uploads\/2021\/02\/IMG_20201114_085929-294x300.jpg\" alt=\"\" class=\"wp-image-44\" width=\"147\" height=\"150\" srcset=\"https:\/\/www.punkt-spawalniczy.pl\/wp-content\/uploads\/2021\/02\/IMG_20201114_085929-294x300.jpg 294w, https:\/\/www.punkt-spawalniczy.pl\/wp-content\/uploads\/2021\/02\/IMG_20201114_085929-1002x1024.jpg 1002w, https:\/\/www.punkt-spawalniczy.pl\/wp-content\/uploads\/2021\/02\/IMG_20201114_085929-768x785.jpg 768w, https:\/\/www.punkt-spawalniczy.pl\/wp-content\/uploads\/2021\/02\/IMG_20201114_085929.jpg 1224w\" sizes=\"(max-width: 147px) 100vw, 147px\" \/><\/figure><\/div>\n\n\n\n<div style=\"height:1px\" aria-hidden=\"true\" class=\"wp-block-spacer\"><\/div>\n\n\n\n<hr class=\"wp-block-separator\"\/>\n\n\n\n<div style=\"height:30px\" aria-hidden=\"true\" class=\"wp-block-spacer\"><\/div>\n\n\n\n<div class=\"wp-block-image is-style-default\"><figure class=\"aligncenter size-medium is-resized\"><img decoding=\"async\" src=\"http:\/\/www.punkt-spawalniczy.pl\/wp-content\/uploads\/2021\/02\/IMG_20200408_164020-293x300.jpg\" alt=\"\" class=\"wp-image-52\" width=\"147\" height=\"150\" srcset=\"https:\/\/www.punkt-spawalniczy.pl\/wp-content\/uploads\/2021\/02\/IMG_20200408_164020-293x300.jpg 293w, https:\/\/www.punkt-spawalniczy.pl\/wp-content\/uploads\/2021\/02\/IMG_20200408_164020-1001x1024.jpg 1001w, https:\/\/www.punkt-spawalniczy.pl\/wp-content\/uploads\/2021\/02\/IMG_20200408_164020-768x786.jpg 768w, https:\/\/www.punkt-spawalniczy.pl\/wp-content\/uploads\/2021\/02\/IMG_20200408_164020.jpg 1223w\" sizes=\"(max-width: 147px) 100vw, 147px\" \/><\/figure><\/div>\n\n\n\n<hr class=\"wp-block-separator\"\/>\n\n\n\n<div style=\"height:35px\" aria-hidden=\"true\" class=\"wp-block-spacer\"><\/div>\n\n\n\n<div class=\"wp-block-image is-style-default\"><figure class=\"aligncenter size-large is-resized\"><img decoding=\"async\" src=\"http:\/\/www.punkt-spawalniczy.pl\/wp-content\/uploads\/2021\/02\/20170520_125808-576x1024.jpg\" alt=\"\" class=\"wp-image-231\" width=\"144\" height=\"150\"\/><\/figure><\/div>\n<\/div>\n\n\n\n<div class=\"wp-block-column is-layout-flow wp-block-column-is-layout-flow\">\n<div class=\"wp-block-image is-style-default\"><figure class=\"aligncenter size-medium is-resized\"><img decoding=\"async\" src=\"http:\/\/www.punkt-spawalniczy.pl\/wp-content\/uploads\/2021\/02\/IMG_20190408_185700-300x300.jpg\" alt=\"\" class=\"wp-image-38\" width=\"150\" height=\"150\" srcset=\"https:\/\/www.punkt-spawalniczy.pl\/wp-content\/uploads\/2021\/02\/IMG_20190408_185700-300x300.jpg 300w, https:\/\/www.punkt-spawalniczy.pl\/wp-content\/uploads\/2021\/02\/IMG_20190408_185700-1024x1022.jpg 1024w, https:\/\/www.punkt-spawalniczy.pl\/wp-content\/uploads\/2021\/02\/IMG_20190408_185700-150x150.jpg 150w, https:\/\/www.punkt-spawalniczy.pl\/wp-content\/uploads\/2021\/02\/IMG_20190408_185700-768x766.jpg 768w, https:\/\/www.punkt-spawalniczy.pl\/wp-content\/uploads\/2021\/02\/IMG_20190408_185700.jpg 1254w\" sizes=\"(max-width: 150px) 100vw, 150px\" \/><\/figure><\/div>\n\n\n\n<hr class=\"wp-block-separator\"\/>\n\n\n\n<div style=\"height:30px\" aria-hidden=\"true\" class=\"wp-block-spacer\"><\/div>\n\n\n\n<div class=\"wp-block-image is-style-default\"><figure class=\"aligncenter size-large is-resized\"><img decoding=\"async\" src=\"http:\/\/www.punkt-spawalniczy.pl\/wp-content\/uploads\/2021\/02\/IMG_20200814_134623-1-768x1024.jpg\" alt=\"\" class=\"wp-image-103\" width=\"147\" height=\"150\"\/><\/figure><\/div>\n\n\n\n<hr class=\"wp-block-separator\"\/>\n\n\n\n<div style=\"height:30px\" aria-hidden=\"true\" class=\"wp-block-spacer\"><\/div>\n\n\n\n<div class=\"wp-block-image is-style-default\"><figure class=\"aligncenter size-medium is-resized\"><img decoding=\"async\" src=\"http:\/\/www.punkt-spawalniczy.pl\/wp-content\/uploads\/2021\/02\/IMG_20200319_134051-300x278.jpg\" alt=\"\" class=\"wp-image-45\" width=\"150\" height=\"150\"\/><\/figure><\/div>\n\n\n\n<div style=\"height:1px\" aria-hidden=\"true\" class=\"wp-block-spacer\"><\/div>\n\n\n\n<hr class=\"wp-block-separator\"\/>\n\n\n\n<div style=\"height:30px\" aria-hidden=\"true\" class=\"wp-block-spacer\"><\/div>\n\n\n\n<div class=\"wp-block-image is-style-default\"><figure class=\"aligncenter size-medium is-resized\"><img decoding=\"async\" src=\"http:\/\/www.punkt-spawalniczy.pl\/wp-content\/uploads\/2021\/02\/IMG_20200416_141511-294x300.jpg\" alt=\"\" class=\"wp-image-53\" width=\"147\" height=\"150\" srcset=\"https:\/\/www.punkt-spawalniczy.pl\/wp-content\/uploads\/2021\/02\/IMG_20200416_141511-294x300.jpg 294w, https:\/\/www.punkt-spawalniczy.pl\/wp-content\/uploads\/2021\/02\/IMG_20200416_141511-1002x1024.jpg 1002w, https:\/\/www.punkt-spawalniczy.pl\/wp-content\/uploads\/2021\/02\/IMG_20200416_141511-768x785.jpg 768w, https:\/\/www.punkt-spawalniczy.pl\/wp-content\/uploads\/2021\/02\/IMG_20200416_141511.jpg 1224w\" sizes=\"(max-width: 147px) 100vw, 147px\" \/><\/figure><\/div>\n\n\n\n<hr class=\"wp-block-separator\"\/>\n\n\n\n<div style=\"height:35px\" aria-hidden=\"true\" class=\"wp-block-spacer\"><\/div>\n\n\n\n<div class=\"wp-block-image is-style-default\"><figure class=\"aligncenter size-large is-resized\"><img decoding=\"async\" src=\"http:\/\/www.punkt-spawalniczy.pl\/wp-content\/uploads\/2021\/02\/IMG_20190627_130147-1024x768.jpg\" alt=\"\" class=\"wp-image-235\" width=\"147\" height=\"150\"\/><\/figure><\/div>\n<\/div>\n<\/div>\n\n\n\n<p><\/p>\n","protected":false},"excerpt":{"rendered":"<p>Spawanie jest jedn\u0105 z najbardziej niezawodnych metod \u0142\u0105czenia element\u00f3w metalowych. Pozwala tworzy\u0107 mocne konstrukcje, odporne nawet na du\u017ce obci\u0105\u017cenia. Gwarancj\u0119 wytrzyma\u0142o\u015bci poszczeg\u00f3lnych po\u0142\u0105cze\u0144, daje odpowiednio przeprowadzony proces, przy u\u017cyciu nowoczesnych maszyn. Nasi pracownicy doskonale wiedz\u0105, \u017ce spawanie jako\u015bciowe decyduje o bezpiecze\u0144stwie konstrukcji, a przede wszystkim os\u00f3b z nich korzystaj\u0105cych. Je\u017celi oczekujesz wysokiej jako\u015bci tworzonych konstrukcji, [&hellip;]<\/p>\n","protected":false},"author":2,"featured_media":0,"parent":0,"menu_order":0,"comment_status":"closed","ping_status":"closed","template":"","meta":{"ub_ctt_via":"","advgb_blocks_editor_width":"","advgb_blocks_columns_visual_guide":"","footnotes":""},"class_list":["post-27","page","type-page","status-publish","hentry"],"featured_image_src":null,"coauthors":[],"author_meta":{"author_link":"https:\/\/www.punkt-spawalniczy.pl\/index.php\/author\/bartek\/","display_name":"Bart\u0142omiej Miazga"},"relative_dates":{"created":"Posted 5 lat ago","modified":"Updated 5 lat ago"},"absolute_dates":{"created":"Posted on 9 lutego 2021","modified":"Updated on 6 marca 2021"},"absolute_dates_time":{"created":"Posted on 9 lutego 2021 21:43","modified":"Updated on 6 marca 2021 23:03"},"featured_img_caption":"","featured_img":false,"series_order":"","_links":{"self":[{"href":"https:\/\/www.punkt-spawalniczy.pl\/index.php\/wp-json\/wp\/v2\/pages\/27","targetHints":{"allow":["GET"]}}],"collection":[{"href":"https:\/\/www.punkt-spawalniczy.pl\/index.php\/wp-json\/wp\/v2\/pages"}],"about":[{"href":"https:\/\/www.punkt-spawalniczy.pl\/index.php\/wp-json\/wp\/v2\/types\/page"}],"author":[{"embeddable":true,"href":"https:\/\/www.punkt-spawalniczy.pl\/index.php\/wp-json\/wp\/v2\/users\/2"}],"replies":[{"embeddable":true,"href":"https:\/\/www.punkt-spawalniczy.pl\/index.php\/wp-json\/wp\/v2\/comments?post=27"}],"version-history":[{"count":14,"href":"https:\/\/www.punkt-spawalniczy.pl\/index.php\/wp-json\/wp\/v2\/pages\/27\/revisions"}],"predecessor-version":[{"id":262,"href":"https:\/\/www.punkt-spawalniczy.pl\/index.php\/wp-json\/wp\/v2\/pages\/27\/revisions\/262"}],"wp:attachment":[{"href":"https:\/\/www.punkt-spawalniczy.pl\/index.php\/wp-json\/wp\/v2\/media?parent=27"}],"curies":[{"name":"wp","href":"https:\/\/api.w.org\/{rel}","templated":true}]}}