{"id":23,"date":"2021-02-09T21:39:26","date_gmt":"2021-02-09T20:39:26","guid":{"rendered":"http:\/\/www.punkt-spawalniczy.pl\/?page_id=23"},"modified":"2022-09-07T19:51:25","modified_gmt":"2022-09-07T17:51:25","slug":"oferta","status":"publish","type":"page","link":"https:\/\/www.punkt-spawalniczy.pl\/index.php\/oferta\/","title":{"rendered":"O firmie"},"content":{"rendered":"\n<div class=\"wp-block-columns is-layout-flex wp-container-core-columns-is-layout-9d6595d7 wp-block-columns-is-layout-flex\">\n<div class=\"wp-block-column is-layout-flow wp-block-column-is-layout-flow\">\n<div style=\"height:8px\" aria-hidden=\"true\" class=\"wp-block-spacer\"><\/div>\n\n\n\n<p class=\"has-text-align-center\" style=\"font-size:18px\">Nasza firma od wielu lat dynamicznie rozwija si\u0119 na rynku lokalnym i nie tylko. Oferujemy szeroki zakres us\u0142ug <strong><span style=\"color:#5f2411\" class=\"has-inline-color\">spawalniczo-monterskich <\/span><\/strong>zar\u00f3wno dla firm, <br>jak i os\u00f3b indywidualnych. <\/p>\n\n\n\n<p class=\"has-text-align-center\" style=\"font-size:18px\">Nasze us\u0142ugi realizujemy jako g\u0142\u00f3wny wykonawca lub jako podwykonawca przy wsp\u00f3\u0142pracy z innymi firmami.<\/p>\n\n\n\n<p class=\"has-text-align-center\" style=\"font-size:18px\">Wykonujemy us\u0142ugi dla wi\u0119kszych firm, m.in. <br><strong><mark style=\"background-color:rgba(0, 0, 0, 0);color:#5f2411\" class=\"has-inline-color\">Arkus\/AG Motors czy Agregaty PEX-POOL PLUS.<\/mark><\/strong> <\/p>\n<\/div>\n\n\n\n<div class=\"wp-block-column is-layout-flow wp-block-column-is-layout-flow\"><div class=\"wp-block-image\">\n<figure class=\"aligncenter size-full is-resized\"><img decoding=\"async\" src=\"http:\/\/www.punkt-spawalniczy.pl\/wp-content\/uploads\/2021\/02\/IMG_20201229_131632.jpg\" alt=\"\" class=\"wp-image-58\" width=\"400\" height=\"300\" srcset=\"https:\/\/www.punkt-spawalniczy.pl\/wp-content\/uploads\/2021\/02\/IMG_20201229_131632.jpg 1000w, https:\/\/www.punkt-spawalniczy.pl\/wp-content\/uploads\/2021\/02\/IMG_20201229_131632-300x225.jpg 300w, https:\/\/www.punkt-spawalniczy.pl\/wp-content\/uploads\/2021\/02\/IMG_20201229_131632-768x576.jpg 768w\" sizes=\"(max-width: 400px) 100vw, 400px\" \/><\/figure>\n<\/div>\n\n\n<p><\/p>\n<\/div>\n<\/div>\n\n\n\n<div class=\"wp-block-columns is-layout-flex wp-container-core-columns-is-layout-9d6595d7 wp-block-columns-is-layout-flex\">\n<div class=\"wp-block-column is-layout-flow wp-block-column-is-layout-flow\"><div class=\"wp-block-image is-style-default\">\n<figure class=\"aligncenter size-large is-resized\"><img decoding=\"async\" src=\"https:\/\/www.punkt-spawalniczy.pl\/wp-content\/uploads\/2021\/03\/1-\u2014-kopia.jpg\" alt=\"\" class=\"wp-image-254\" width=\"400\" height=\"300\" srcset=\"https:\/\/www.punkt-spawalniczy.pl\/wp-content\/uploads\/2021\/03\/1-\u2014-kopia.jpg 1000w, https:\/\/www.punkt-spawalniczy.pl\/wp-content\/uploads\/2021\/03\/1-\u2014-kopia-300x225.jpg 300w, https:\/\/www.punkt-spawalniczy.pl\/wp-content\/uploads\/2021\/03\/1-\u2014-kopia-768x576.jpg 768w\" sizes=\"(max-width: 400px) 100vw, 400px\" \/><\/figure>\n<\/div><\/div>\n\n\n\n<div class=\"wp-block-column is-layout-flow wp-block-column-is-layout-flow\">\n<div style=\"height:14px\" aria-hidden=\"true\" class=\"wp-block-spacer\"><\/div>\n\n\n\n<p class=\"has-text-align-center\" style=\"font-size:18px\">Nasi pracownicy to <strong><span style=\"color:#5f2411\" class=\"has-inline-color\">specjali\u015bci z wieloletnim do\u015bwiadczeniem<\/span><\/strong>. Pierwsze szlify zbierali\u015bmy na budowach mleczarni, zak\u0142ad\u00f3w chemicznych czy farmaceutycznych, spawaj\u0105c rury nierdzewne cienkie i grubo\u015bcienne (w 90% rentgenowane). Przez kilka lat zdobyli\u015bmy ogromne do\u015bwiadczenie w <strong><span style=\"color:#5f2411\" class=\"has-inline-color\">spawaniu aluminium<\/span><\/strong>. P\u00f3\u017aniej nasze techniki spawania doskonalili\u015bmy pracuj\u0105c w polskich oraz zagranicznych firmach, takich jak: <strong><span style=\"color:#5f2411\" class=\"has-inline-color\">INSS POL, MONT-INOX, GEA NEDERLAND, NIWA.<\/span><\/strong> Posiadamy r\u00f3wnie\u017c odbyte kursy w polskim <span style=\"color:#5f2411\" class=\"has-inline-color\">UDT (TIG, MIG MAG)<\/span> oraz niemieckim <span style=\"color:#5f2411\" class=\"has-inline-color\">TUV<\/span>.<\/p>\n<\/div>\n<\/div>\n\n\n\n<p class=\"has-text-align-center\" style=\"font-size:18px\">Zajmujemy si\u0119 produkcj\u0105 wszelkiego rodzaju <strong><span style=\"color:#5f2411\" class=\"has-inline-color\">konstrukcji stalowych i aluminiowych<\/span><\/strong>. <br>Wykonujemy m.in. <strong><span style=\"color:#5f2411\" class=\"has-inline-color\">balustrady, ogrodzenia, bramy, furtki, schody, zadaszenia czy pergole<\/span><\/strong>. <\/p>\n\n\n\n<p class=\"has-text-align-center\" style=\"font-size:18px\">W naszych konstrukcjach i wyrobach wykorzystujemy materia\u0142y <strong><span style=\"color:#5f2411\" class=\"has-inline-color\">wysokiej jako\u015bci<\/span> <\/strong>renomowanych producent\u00f3w i dostawc\u00f3w.<\/p>\n","protected":false},"excerpt":{"rendered":"<p>Nasza firma od wielu lat dynamicznie rozwija si\u0119 na rynku lokalnym i nie tylko. Oferujemy szeroki zakres us\u0142ug spawalniczo-monterskich zar\u00f3wno dla firm, jak i os\u00f3b indywidualnych. Nasze us\u0142ugi realizujemy jako g\u0142\u00f3wny wykonawca lub jako podwykonawca przy wsp\u00f3\u0142pracy z innymi firmami. Wykonujemy us\u0142ugi dla wi\u0119kszych firm, m.in. Arkus\/AG Motors czy Agregaty PEX-POOL PLUS. Nasi pracownicy to [&hellip;]<\/p>\n","protected":false},"author":2,"featured_media":0,"parent":0,"menu_order":0,"comment_status":"closed","ping_status":"closed","template":"","meta":{"ub_ctt_via":"","advgb_blocks_editor_width":"","advgb_blocks_columns_visual_guide":"","footnotes":""},"class_list":["post-23","page","type-page","status-publish","hentry"],"featured_image_src":null,"coauthors":[],"author_meta":{"author_link":"https:\/\/www.punkt-spawalniczy.pl\/index.php\/author\/bartek\/","display_name":"Bart\u0142omiej Miazga"},"relative_dates":{"created":"Posted 5 lat ago","modified":"Updated 4 lata ago"},"absolute_dates":{"created":"Posted on 9 lutego 2021","modified":"Updated on 7 wrze\u015bnia 2022"},"absolute_dates_time":{"created":"Posted on 9 lutego 2021 21:39","modified":"Updated on 7 wrze\u015bnia 2022 19:51"},"featured_img_caption":"","featured_img":false,"series_order":"","_links":{"self":[{"href":"https:\/\/www.punkt-spawalniczy.pl\/index.php\/wp-json\/wp\/v2\/pages\/23","targetHints":{"allow":["GET"]}}],"collection":[{"href":"https:\/\/www.punkt-spawalniczy.pl\/index.php\/wp-json\/wp\/v2\/pages"}],"about":[{"href":"https:\/\/www.punkt-spawalniczy.pl\/index.php\/wp-json\/wp\/v2\/types\/page"}],"author":[{"embeddable":true,"href":"https:\/\/www.punkt-spawalniczy.pl\/index.php\/wp-json\/wp\/v2\/users\/2"}],"replies":[{"embeddable":true,"href":"https:\/\/www.punkt-spawalniczy.pl\/index.php\/wp-json\/wp\/v2\/comments?post=23"}],"version-history":[{"count":9,"href":"https:\/\/www.punkt-spawalniczy.pl\/index.php\/wp-json\/wp\/v2\/pages\/23\/revisions"}],"predecessor-version":[{"id":496,"href":"https:\/\/www.punkt-spawalniczy.pl\/index.php\/wp-json\/wp\/v2\/pages\/23\/revisions\/496"}],"wp:attachment":[{"href":"https:\/\/www.punkt-spawalniczy.pl\/index.php\/wp-json\/wp\/v2\/media?parent=23"}],"curies":[{"name":"wp","href":"https:\/\/api.w.org\/{rel}","templated":true}]}}